{"id":28,"date":"2020-03-21T20:11:04","date_gmt":"2020-03-21T20:11:04","guid":{"rendered":"http:\/\/nordlichtblicke.nordlichtblog.de\/?page_id=28"},"modified":"2025-03-30T16:53:28","modified_gmt":"2025-03-30T16:53:28","slug":"geschriebenes","status":"publish","type":"page","link":"https:\/\/nordlichtblicke.de\/?page_id=28","title":{"rendered":"Publikationen"},"content":{"rendered":"\n<p>Auf dieser Seite finden Sie eine \u00dcbersicht \u00fcber meine Publikationen. Zum Online-Shop f\u00fcr meine T-Shirts kommen sie \u00fcber den Men\u00fcpunkt Shirts.<\/p>\n\n\n\n<h2 class=\"wp-block-heading\">Fotokalender Ostseek\u00fcste Schwedeneck<\/h2>\n\n\n\n<div class=\"wp-block-columns is-layout-flex wp-container-core-columns-is-layout-9d6595d7 wp-block-columns-is-layout-flex\">\n<div class=\"wp-block-column is-layout-flow wp-block-column-is-layout-flow\">\n<figure class=\"wp-block-image size-large\"><img loading=\"lazy\" decoding=\"async\" width=\"1024\" height=\"729\" src=\"https:\/\/nordlichtblicke.de\/wp-content\/uploads\/2025\/03\/Titel_Cal-1024x729.jpg\" alt=\"\" class=\"wp-image-894\" srcset=\"https:\/\/nordlichtblicke.de\/wp-content\/uploads\/2025\/03\/Titel_Cal-1024x729.jpg 1024w, https:\/\/nordlichtblicke.de\/wp-content\/uploads\/2025\/03\/Titel_Cal-300x214.jpg 300w, https:\/\/nordlichtblicke.de\/wp-content\/uploads\/2025\/03\/Titel_Cal-768x547.jpg 768w, https:\/\/nordlichtblicke.de\/wp-content\/uploads\/2025\/03\/Titel_Cal.jpg 1200w\" sizes=\"auto, (max-width: 767px) 89vw, (max-width: 1000px) 54vw, (max-width: 1071px) 543px, 580px\" \/><\/figure>\n<\/div>\n\n\n\n<div class=\"wp-block-column is-layout-flow wp-block-column-is-layout-flow\">\n<p>Holen Sie sich mit diesem Kalender die traumhafte Ostseek\u00fcste Schwedenecks in ihr Wohnzimmer und zaubern sie Urlaubsfelling oder den heimischen Strand an ihre Wand. Dieser Kalender ist einmalig und beinhaltet nur die besten meiner Bilder von der K\u00fcste Schwedenecks zwischen Gr\u00f6nwohld und Stohl. <a href=\"https:\/\/shop.calvendo.de\/products\/schwedeneck-natur-und-meer-calvendo-wandkalender-2026?_pos=1&amp;_sid=555115fd1&amp;_ss=r\">Hier geht\u00b4s zum Kalender<\/a><\/p>\n\n\n\n<p><a href=\"https:\/\/shop.calvendo.de\/products\/ostseekuste-schwedeneck-2025-calvendo-wandkalender-2025?_pos=1&amp;_sid=3cf8cb2e7&amp;_ss=r\"><\/a><\/p>\n<\/div>\n<\/div>\n\n\n\n<h2 class=\"wp-block-heading\">Mobbing in sozialen Systemen<\/h2>\n\n\n\n<div class=\"wp-block-group\"><div class=\"wp-block-group__inner-container is-layout-flow wp-block-group-is-layout-flow\">\n<p><\/p>\n\n\n\n<div class=\"wp-block-media-text alignwide is-stacked-on-mobile\"><figure class=\"wp-block-media-text__media\"><img loading=\"lazy\" decoding=\"async\" width=\"661\" height=\"960\" src=\"http:\/\/nordlichtblicke.nordlichtblog.de\/wp-content\/uploads\/2020\/03\/Mobbing-in-sozialen-Systemenmedium.2x.1411414449.jpg\" alt=\"\" class=\"wp-image-58 size-full\" srcset=\"https:\/\/nordlichtblicke.de\/wp-content\/uploads\/2020\/03\/Mobbing-in-sozialen-Systemenmedium.2x.1411414449.jpg 661w, https:\/\/nordlichtblicke.de\/wp-content\/uploads\/2020\/03\/Mobbing-in-sozialen-Systemenmedium.2x.1411414449-207x300.jpg 207w\" sizes=\"auto, (max-width: 661px) 100vw, 661px\" \/><\/figure><div class=\"wp-block-media-text__content\">\n<div class=\"wp-block-group\"><div class=\"wp-block-group__inner-container is-layout-flow wp-block-group-is-layout-flow\">\n<p>Mobbing in Sozialen  Systemen am Beispiel Schule und Arbeitsplatz war Thema meiner  Abschlussarbeit. Dabei habe ich insbesondere mit den Ursachen von  Mobbing besch\u00e4ftigt. Was verleitet Menschen dazu, ihre Mitmenschen zu  schikanieren? Sind es Eigenschaften der T\u00e4terInnen oder der Opfer, die  Mobbing entstehen lassen? Daraus resultierend habe ich auch die  Auswirkungen von Mobbing auf das Opfer beleuchtet, wobei mich  insbesondere der Frage ob Mobing die Pers\u00f6nlichkeit und Verhaltensweisen  des Mobbing-Opfers so ver\u00e4ndern k\u00f6nnen, dass es auch im weiteren  Verlauf des Lebens eher Mobbing-Opfer wird, besch\u00e4ftigt hat. <\/p>\n<\/div><\/div>\n<\/div><\/div>\n<\/div><\/div>\n\n\n\n<p>Die Arbeit wurde im Januar 2014 im Akademikerverlag ver\u00f6ffentlicht und ist im Handel erh\u00e4ltlich:<br>Mobbing in sozialen Systemen am Beispiel Schule und Arbeitsplatz<br>Taschenbuch, 88 Seiten 35,90\u20ac<br>ISBN-10: 3639498550<br>ISBN-13: 978-3639498554<\/p>\n","protected":false},"excerpt":{"rendered":"<p>Auf dieser Seite finden Sie eine \u00dcbersicht \u00fcber meine Publikationen. Zum Online-Shop f\u00fcr meine T-Shirts kommen sie \u00fcber den Men\u00fcpunkt Shirts. Fotokalender Ostseek\u00fcste Schwedeneck Holen Sie sich mit diesem Kalender die traumhafte Ostseek\u00fcste Schwedenecks in ihr Wohnzimmer und zaubern sie Urlaubsfelling oder den heimischen Strand an ihre Wand. Dieser Kalender ist einmalig und beinhaltet nur &hellip; <\/p>\n<p class=\"link-more\"><a href=\"https:\/\/nordlichtblicke.de\/?page_id=28\" class=\"more-link\"><span class=\"screen-reader-text\">\u201ePublikationen\u201c <\/span>weiterlesen<\/a><\/p>\n","protected":false},"author":1,"featured_media":0,"parent":0,"menu_order":0,"comment_status":"closed","ping_status":"closed","template":"","meta":{"footnotes":""},"class_list":["post-28","page","type-page","status-publish","hentry"],"_links":{"self":[{"href":"https:\/\/nordlichtblicke.de\/index.php?rest_route=\/wp\/v2\/pages\/28","targetHints":{"allow":["GET"]}}],"collection":[{"href":"https:\/\/nordlichtblicke.de\/index.php?rest_route=\/wp\/v2\/pages"}],"about":[{"href":"https:\/\/nordlichtblicke.de\/index.php?rest_route=\/wp\/v2\/types\/page"}],"author":[{"embeddable":true,"href":"https:\/\/nordlichtblicke.de\/index.php?rest_route=\/wp\/v2\/users\/1"}],"replies":[{"embeddable":true,"href":"https:\/\/nordlichtblicke.de\/index.php?rest_route=%2Fwp%2Fv2%2Fcomments&post=28"}],"version-history":[{"count":3,"href":"https:\/\/nordlichtblicke.de\/index.php?rest_route=\/wp\/v2\/pages\/28\/revisions"}],"predecessor-version":[{"id":898,"href":"https:\/\/nordlichtblicke.de\/index.php?rest_route=\/wp\/v2\/pages\/28\/revisions\/898"}],"wp:attachment":[{"href":"https:\/\/nordlichtblicke.de\/index.php?rest_route=%2Fwp%2Fv2%2Fmedia&parent=28"}],"curies":[{"name":"wp","href":"https:\/\/api.w.org\/{rel}","templated":true}]}}